{"id":12477,"date":"2025-02-05T15:55:25","date_gmt":"2025-02-05T14:55:25","guid":{"rendered":"https:\/\/nogval.com\/?page_id=12477"},"modified":"2025-03-05T16:48:47","modified_gmt":"2025-03-05T15:48:47","slug":"easy-m1100-r2d","status":"publish","type":"page","link":"https:\/\/nogval.com\/ca\/desbarbat\/easy-m1100-r2d\/","title":{"rendered":"EASY M1100 R2D"},"content":{"rendered":"<p>Petita i compacta, la Easy M1100 R2D combina una excel\u00b7lent capacitat de treball amb un preu assequible. La seva ampl\u00e0ria de treball de 1100 mm la converteix en una m\u00e0quina ideal per al setinat i el desbarbado de qualsevol tipus de material. A m\u00e9s, la Versi\u00f3 R2D incorpora un grup de corr\u00f3 amb cinta abrasiva i un grup amb dos discos de di\u00e0metre 200 mm per a desbarbado, arrodonit o eliminaci\u00f3 de calamina.<\/p>\n<p>M\u00c0QUINA B\u00c0SICA:<\/p>\n<ul>\n<li>R2D (vidre abrasiu + raspalls de disc)<\/li>\n<li>INVERTER en l&#8217;alimentaci\u00f3<\/li>\n<li>Ventilador de buit intern<\/li>\n<li>Manual de sistema d&#8217;encesa i apagat<\/li>\n<li>Panell de control anal\u00f2gic<\/li>\n<li>Raspall per a la neteja de panells<\/li>\n<\/ul>\n<p>&nbsp;<\/p>\n<p><strong>Processament en sec<\/strong><\/p>\n","protected":false},"excerpt":{"rendered":"<p>Petita i compacta, la Easy M1100 R2D combina una excel\u00b7lent capacitat de treball amb un preu assequible. La seva ampl\u00e0ria de treball de 1100 mm la converteix en una m\u00e0quina ideal per al setinat i el desbarbado de qualsevol tipus de material. A m\u00e9s, la Versi\u00f3 R2D incorpora un grup de corr\u00f3 amb cinta abrasiva i un grup amb dos &#8230; <\/p>\n<div><a href=\"https:\/\/nogval.com\/ca\/desbarbat\/easy-m1100-r2d\/\" class=\"more-link\">Llegir m\u00e9s<\/a><\/div>\n","protected":false},"author":1,"featured_media":12474,"parent":3933,"menu_order":4,"comment_status":"closed","ping_status":"closed","template":"","meta":{"_acf_changed":false,"footnotes":""},"class_list":["post-12477","page","type-page","status-publish","has-post-thumbnail","hentry"],"acf":[],"yoast_head":"<!-- This site is optimized with the Yoast SEO plugin v26.8 - https:\/\/yoast.com\/product\/yoast-seo-wordpress\/ -->\n<title>EASY M1100 R2D - NOGVAL<\/title>\n<meta name=\"robots\" content=\"index, follow, max-snippet:-1, max-image-preview:large, max-video-preview:-1\" \/>\n<link rel=\"canonical\" href=\"https:\/\/nogval.com\/ca\/desbarbat\/easy-m1100-r2d\/\" \/>\n<meta property=\"og:locale\" content=\"ca_ES\" \/>\n<meta property=\"og:type\" content=\"article\" \/>\n<meta property=\"og:title\" content=\"EASY M1100 R2D - NOGVAL\" \/>\n<meta property=\"og:description\" content=\"Petita i compacta, la Easy M1100 R2D combina una excel\u00b7lent capacitat de treball amb un preu assequible. La seva ampl\u00e0ria de treball de 1100 mm la converteix en una m\u00e0quina ideal per al setinat i el desbarbado de qualsevol tipus de material. A m\u00e9s, la Versi\u00f3 R2D incorpora un grup de corr\u00f3 amb cinta abrasiva i un grup amb dos ... Llegir m\u00e9s\" \/>\n<meta property=\"og:url\" content=\"https:\/\/nogval.com\/ca\/desbarbat\/easy-m1100-r2d\/\" \/>\n<meta property=\"og:site_name\" content=\"NOGVAL\" \/>\n<meta property=\"article:modified_time\" content=\"2025-03-05T15:48:47+00:00\" \/>\n<meta property=\"og:image\" content=\"https:\/\/nogval.com\/wp-content\/uploads\/2025\/02\/Nogval_EMC_Easy.png\" \/>\n\t<meta property=\"og:image:width\" content=\"490\" \/>\n\t<meta property=\"og:image:height\" content=\"494\" \/>\n\t<meta property=\"og:image:type\" content=\"image\/png\" \/>\n<meta name=\"twitter:card\" content=\"summary_large_image\" \/>\n<meta name=\"twitter:label1\" content=\"Temps estimat de lectura\" \/>\n\t<meta name=\"twitter:data1\" content=\"1 minut\" \/>\n<script type=\"application\/ld+json\" class=\"yoast-schema-graph\">{\"@context\":\"https:\/\/schema.org\",\"@graph\":[{\"@type\":\"WebPage\",\"@id\":\"https:\/\/nogval.com\/ca\/desbarbat\/easy-m1100-r2d\/\",\"url\":\"https:\/\/nogval.com\/ca\/desbarbat\/easy-m1100-r2d\/\",\"name\":\"EASY M1100 R2D - NOGVAL\",\"isPartOf\":{\"@id\":\"https:\/\/nogval.com\/#website\"},\"primaryImageOfPage\":{\"@id\":\"https:\/\/nogval.com\/ca\/desbarbat\/easy-m1100-r2d\/#primaryimage\"},\"image\":{\"@id\":\"https:\/\/nogval.com\/ca\/desbarbat\/easy-m1100-r2d\/#primaryimage\"},\"thumbnailUrl\":\"https:\/\/nogval.com\/wp-content\/uploads\/2025\/02\/Nogval_EMC_Easy.png\",\"datePublished\":\"2025-02-05T14:55:25+00:00\",\"dateModified\":\"2025-03-05T15:48:47+00:00\",\"breadcrumb\":{\"@id\":\"https:\/\/nogval.com\/ca\/desbarbat\/easy-m1100-r2d\/#breadcrumb\"},\"inLanguage\":\"ca\",\"potentialAction\":[{\"@type\":\"ReadAction\",\"target\":[\"https:\/\/nogval.com\/ca\/desbarbat\/easy-m1100-r2d\/\"]}]},{\"@type\":\"ImageObject\",\"inLanguage\":\"ca\",\"@id\":\"https:\/\/nogval.com\/ca\/desbarbat\/easy-m1100-r2d\/#primaryimage\",\"url\":\"https:\/\/nogval.com\/wp-content\/uploads\/2025\/02\/Nogval_EMC_Easy.png\",\"contentUrl\":\"https:\/\/nogval.com\/wp-content\/uploads\/2025\/02\/Nogval_EMC_Easy.png\",\"width\":490,\"height\":494},{\"@type\":\"BreadcrumbList\",\"@id\":\"https:\/\/nogval.com\/ca\/desbarbat\/easy-m1100-r2d\/#breadcrumb\",\"itemListElement\":[{\"@type\":\"ListItem\",\"position\":1,\"name\":\"Home\",\"item\":\"https:\/\/nogval.com\/ca\/home\/\"},{\"@type\":\"ListItem\",\"position\":2,\"name\":\"Desbarbat\",\"item\":\"https:\/\/nogval.com\/ca\/desbarbat\/\"},{\"@type\":\"ListItem\",\"position\":3,\"name\":\"EASY M1100 R2D\"}]},{\"@type\":\"WebSite\",\"@id\":\"https:\/\/nogval.com\/#website\",\"url\":\"https:\/\/nogval.com\/\",\"name\":\"NOGVAL\",\"description\":\"Maquinaria para el corte, deformaci\u00f3n y estructura met\u00e1lica\",\"potentialAction\":[{\"@type\":\"SearchAction\",\"target\":{\"@type\":\"EntryPoint\",\"urlTemplate\":\"https:\/\/nogval.com\/?s={search_term_string}\"},\"query-input\":{\"@type\":\"PropertyValueSpecification\",\"valueRequired\":true,\"valueName\":\"search_term_string\"}}],\"inLanguage\":\"ca\"}]}<\/script>\n<!-- \/ Yoast SEO plugin. -->","yoast_head_json":{"title":"EASY M1100 R2D - NOGVAL","robots":{"index":"index","follow":"follow","max-snippet":"max-snippet:-1","max-image-preview":"max-image-preview:large","max-video-preview":"max-video-preview:-1"},"canonical":"https:\/\/nogval.com\/ca\/desbarbat\/easy-m1100-r2d\/","og_locale":"ca_ES","og_type":"article","og_title":"EASY M1100 R2D - NOGVAL","og_description":"Petita i compacta, la Easy M1100 R2D combina una excel\u00b7lent capacitat de treball amb un preu assequible. La seva ampl\u00e0ria de treball de 1100 mm la converteix en una m\u00e0quina ideal per al setinat i el desbarbado de qualsevol tipus de material. A m\u00e9s, la Versi\u00f3 R2D incorpora un grup de corr\u00f3 amb cinta abrasiva i un grup amb dos ... Llegir m\u00e9s","og_url":"https:\/\/nogval.com\/ca\/desbarbat\/easy-m1100-r2d\/","og_site_name":"NOGVAL","article_modified_time":"2025-03-05T15:48:47+00:00","og_image":[{"width":490,"height":494,"url":"https:\/\/nogval.com\/wp-content\/uploads\/2025\/02\/Nogval_EMC_Easy.png","type":"image\/png"}],"twitter_card":"summary_large_image","twitter_misc":{"Temps estimat de lectura":"1 minut"},"schema":{"@context":"https:\/\/schema.org","@graph":[{"@type":"WebPage","@id":"https:\/\/nogval.com\/ca\/desbarbat\/easy-m1100-r2d\/","url":"https:\/\/nogval.com\/ca\/desbarbat\/easy-m1100-r2d\/","name":"EASY M1100 R2D - NOGVAL","isPartOf":{"@id":"https:\/\/nogval.com\/#website"},"primaryImageOfPage":{"@id":"https:\/\/nogval.com\/ca\/desbarbat\/easy-m1100-r2d\/#primaryimage"},"image":{"@id":"https:\/\/nogval.com\/ca\/desbarbat\/easy-m1100-r2d\/#primaryimage"},"thumbnailUrl":"https:\/\/nogval.com\/wp-content\/uploads\/2025\/02\/Nogval_EMC_Easy.png","datePublished":"2025-02-05T14:55:25+00:00","dateModified":"2025-03-05T15:48:47+00:00","breadcrumb":{"@id":"https:\/\/nogval.com\/ca\/desbarbat\/easy-m1100-r2d\/#breadcrumb"},"inLanguage":"ca","potentialAction":[{"@type":"ReadAction","target":["https:\/\/nogval.com\/ca\/desbarbat\/easy-m1100-r2d\/"]}]},{"@type":"ImageObject","inLanguage":"ca","@id":"https:\/\/nogval.com\/ca\/desbarbat\/easy-m1100-r2d\/#primaryimage","url":"https:\/\/nogval.com\/wp-content\/uploads\/2025\/02\/Nogval_EMC_Easy.png","contentUrl":"https:\/\/nogval.com\/wp-content\/uploads\/2025\/02\/Nogval_EMC_Easy.png","width":490,"height":494},{"@type":"BreadcrumbList","@id":"https:\/\/nogval.com\/ca\/desbarbat\/easy-m1100-r2d\/#breadcrumb","itemListElement":[{"@type":"ListItem","position":1,"name":"Home","item":"https:\/\/nogval.com\/ca\/home\/"},{"@type":"ListItem","position":2,"name":"Desbarbat","item":"https:\/\/nogval.com\/ca\/desbarbat\/"},{"@type":"ListItem","position":3,"name":"EASY M1100 R2D"}]},{"@type":"WebSite","@id":"https:\/\/nogval.com\/#website","url":"https:\/\/nogval.com\/","name":"NOGVAL","description":"Maquinaria para el corte, deformaci\u00f3n y estructura met\u00e1lica","potentialAction":[{"@type":"SearchAction","target":{"@type":"EntryPoint","urlTemplate":"https:\/\/nogval.com\/?s={search_term_string}"},"query-input":{"@type":"PropertyValueSpecification","valueRequired":true,"valueName":"search_term_string"}}],"inLanguage":"ca"}]}},"_links":{"self":[{"href":"https:\/\/nogval.com\/ca\/wp-json\/wp\/v2\/pages\/12477","targetHints":{"allow":["GET"]}}],"collection":[{"href":"https:\/\/nogval.com\/ca\/wp-json\/wp\/v2\/pages"}],"about":[{"href":"https:\/\/nogval.com\/ca\/wp-json\/wp\/v2\/types\/page"}],"author":[{"embeddable":true,"href":"https:\/\/nogval.com\/ca\/wp-json\/wp\/v2\/users\/1"}],"replies":[{"embeddable":true,"href":"https:\/\/nogval.com\/ca\/wp-json\/wp\/v2\/comments?post=12477"}],"version-history":[{"count":5,"href":"https:\/\/nogval.com\/ca\/wp-json\/wp\/v2\/pages\/12477\/revisions"}],"predecessor-version":[{"id":13669,"href":"https:\/\/nogval.com\/ca\/wp-json\/wp\/v2\/pages\/12477\/revisions\/13669"}],"up":[{"embeddable":true,"href":"https:\/\/nogval.com\/ca\/wp-json\/wp\/v2\/pages\/3933"}],"wp:featuredmedia":[{"embeddable":true,"href":"https:\/\/nogval.com\/ca\/wp-json\/wp\/v2\/media\/12474"}],"wp:attachment":[{"href":"https:\/\/nogval.com\/ca\/wp-json\/wp\/v2\/media?parent=12477"}],"curies":[{"name":"wp","href":"https:\/\/api.w.org\/{rel}","templated":true}]}}