{"id":4001,"date":"2023-02-10T12:30:36","date_gmt":"2023-02-10T11:30:36","guid":{"rendered":"https:\/\/nogval.com\/desbarbat\/easy-m1100-rr\/"},"modified":"2024-01-15T15:22:35","modified_gmt":"2024-01-15T14:22:35","slug":"easy-m1100-rr","status":"publish","type":"page","link":"https:\/\/nogval.com\/ca\/desbarbat\/easy-m1100-rr\/","title":{"rendered":"EASY M1100 RR"},"content":{"rendered":"\r\n<p>Petita i compacta, combina una capacitat de treball excel\u00b7lent amb un preu assequible. La seva amplada de treball de 1100 mm i la configuraci\u00f3 de 2 grups la converteixen en una m\u00e0quina ideal per al setinat i el desbarbat de qualsevol mena de material.<\/p>\r\n\r\n\r\n\r\n<div class=\"wp-block-columns is-layout-flex wp-container-core-columns-is-layout-1 wp-block-columns-is-layout-flex\">\r\n<div class=\"wp-block-column is-layout-flow wp-block-column-is-layout-flow\">\r\n<p><strong>M\u00c0QUINA B\u00c0SICA:<\/strong><\/p>\r\n\r\n\r\n\r\n<ul class=\"wp-block-list\">\r\n<li>Versi\u00f3 de 2 grups (un sol motor)<\/li>\r\n\r\n\r\n\r\n<li>INVERTER a l&#8217;alimentaci\u00f3<\/li>\r\n\r\n\r\n\r\n<li>Commutador ON-OFF per a la inserci\u00f3 de rodets<\/li>\r\n\r\n\r\n\r\n<li>Panell d&#8217;alarma &#8211; Control de verificaci\u00f3<\/li>\r\n<\/ul>\r\n<\/div>\r\n\r\n\r\n\r\n<div class=\"wp-block-column is-layout-flow wp-block-column-is-layout-flow\">\r\n<p><strong>OPCIONS PRINCIPALS:<\/strong><\/p>\r\n\r\n\r\n\r\n<ul class=\"wp-block-list\">\r\n<li>Depressor intern del c\u00e0rter<\/li>\r\n\r\n\r\n\r\n<li>Rodets d&#8217;extensi\u00f3<\/li>\r\n<\/ul>\r\n<\/div>\r\n<\/div>\r\n\r\n\r\n\r\n<p><strong>Processament en sec<\/strong><\/p>\r\n","protected":false},"excerpt":{"rendered":"<p>Petita i compacta, combina una capacitat de treball excel\u00b7lent amb un preu assequible. La seva amplada de treball de 1100 mm i la configuraci\u00f3 de 2 grups la converteixen en una m\u00e0quina ideal per al setinat i el desbarbat de qualsevol mena de material. M\u00c0QUINA B\u00c0SICA: OPCIONS PRINCIPALS: Processament en sec<\/p>\n","protected":false},"author":1,"featured_media":10636,"parent":3933,"menu_order":3,"comment_status":"closed","ping_status":"closed","template":"","meta":{"_acf_changed":false,"footnotes":""},"class_list":["post-4001","page","type-page","status-publish","has-post-thumbnail","hentry"],"acf":[],"yoast_head":"<!-- This site is optimized with the Yoast SEO plugin v26.8 - https:\/\/yoast.com\/product\/yoast-seo-wordpress\/ -->\n<title>EASY M1100 RR - NOGVAL<\/title>\n<meta name=\"robots\" content=\"index, follow, max-snippet:-1, max-image-preview:large, max-video-preview:-1\" \/>\n<link rel=\"canonical\" href=\"https:\/\/nogval.com\/ca\/desbarbat\/easy-m1100-rr\/\" \/>\n<meta property=\"og:locale\" content=\"ca_ES\" \/>\n<meta property=\"og:type\" content=\"article\" \/>\n<meta property=\"og:title\" content=\"EASY M1100 RR - NOGVAL\" \/>\n<meta property=\"og:description\" content=\"Petita i compacta, combina una capacitat de treball excel\u00b7lent amb un preu assequible. La seva amplada de treball de 1100 mm i la configuraci\u00f3 de 2 grups la converteixen en una m\u00e0quina ideal per al setinat i el desbarbat de qualsevol mena de material. M\u00c0QUINA B\u00c0SICA: OPCIONS PRINCIPALS: Processament en sec\" \/>\n<meta property=\"og:url\" content=\"https:\/\/nogval.com\/ca\/desbarbat\/easy-m1100-rr\/\" \/>\n<meta property=\"og:site_name\" content=\"NOGVAL\" \/>\n<meta property=\"article:modified_time\" content=\"2024-01-15T14:22:35+00:00\" \/>\n<meta property=\"og:image\" content=\"https:\/\/nogval.com\/wp-content\/uploads\/2023\/02\/nogval-emc-EASY-M1100-ok.png\" \/>\n\t<meta property=\"og:image:width\" content=\"600\" \/>\n\t<meta property=\"og:image:height\" content=\"600\" \/>\n\t<meta property=\"og:image:type\" content=\"image\/png\" \/>\n<meta name=\"twitter:card\" content=\"summary_large_image\" \/>\n<meta name=\"twitter:label1\" content=\"Temps estimat de lectura\" \/>\n\t<meta name=\"twitter:data1\" content=\"1 minut\" \/>\n<script type=\"application\/ld+json\" class=\"yoast-schema-graph\">{\"@context\":\"https:\/\/schema.org\",\"@graph\":[{\"@type\":\"WebPage\",\"@id\":\"https:\/\/nogval.com\/ca\/desbarbat\/easy-m1100-rr\/\",\"url\":\"https:\/\/nogval.com\/ca\/desbarbat\/easy-m1100-rr\/\",\"name\":\"EASY M1100 RR - NOGVAL\",\"isPartOf\":{\"@id\":\"https:\/\/nogval.com\/#website\"},\"primaryImageOfPage\":{\"@id\":\"https:\/\/nogval.com\/ca\/desbarbat\/easy-m1100-rr\/#primaryimage\"},\"image\":{\"@id\":\"https:\/\/nogval.com\/ca\/desbarbat\/easy-m1100-rr\/#primaryimage\"},\"thumbnailUrl\":\"https:\/\/nogval.com\/wp-content\/uploads\/2024\/11\/Nogval_EMC_Easy.png\",\"datePublished\":\"2023-02-10T11:30:36+00:00\",\"dateModified\":\"2024-01-15T14:22:35+00:00\",\"breadcrumb\":{\"@id\":\"https:\/\/nogval.com\/ca\/desbarbat\/easy-m1100-rr\/#breadcrumb\"},\"inLanguage\":\"ca\",\"potentialAction\":[{\"@type\":\"ReadAction\",\"target\":[\"https:\/\/nogval.com\/ca\/desbarbat\/easy-m1100-rr\/\"]}]},{\"@type\":\"ImageObject\",\"inLanguage\":\"ca\",\"@id\":\"https:\/\/nogval.com\/ca\/desbarbat\/easy-m1100-rr\/#primaryimage\",\"url\":\"https:\/\/nogval.com\/wp-content\/uploads\/2024\/11\/Nogval_EMC_Easy.png\",\"contentUrl\":\"https:\/\/nogval.com\/wp-content\/uploads\/2024\/11\/Nogval_EMC_Easy.png\",\"width\":490,\"height\":494},{\"@type\":\"BreadcrumbList\",\"@id\":\"https:\/\/nogval.com\/ca\/desbarbat\/easy-m1100-rr\/#breadcrumb\",\"itemListElement\":[{\"@type\":\"ListItem\",\"position\":1,\"name\":\"Home\",\"item\":\"https:\/\/nogval.com\/ca\/home\/\"},{\"@type\":\"ListItem\",\"position\":2,\"name\":\"Desbarbat\",\"item\":\"https:\/\/nogval.com\/ca\/desbarbat\/\"},{\"@type\":\"ListItem\",\"position\":3,\"name\":\"EASY M1100 RR\"}]},{\"@type\":\"WebSite\",\"@id\":\"https:\/\/nogval.com\/#website\",\"url\":\"https:\/\/nogval.com\/\",\"name\":\"NOGVAL\",\"description\":\"Maquinaria para el corte, deformaci\u00f3n y estructura met\u00e1lica\",\"potentialAction\":[{\"@type\":\"SearchAction\",\"target\":{\"@type\":\"EntryPoint\",\"urlTemplate\":\"https:\/\/nogval.com\/?s={search_term_string}\"},\"query-input\":{\"@type\":\"PropertyValueSpecification\",\"valueRequired\":true,\"valueName\":\"search_term_string\"}}],\"inLanguage\":\"ca\"}]}<\/script>\n<!-- \/ Yoast SEO plugin. -->","yoast_head_json":{"title":"EASY M1100 RR - NOGVAL","robots":{"index":"index","follow":"follow","max-snippet":"max-snippet:-1","max-image-preview":"max-image-preview:large","max-video-preview":"max-video-preview:-1"},"canonical":"https:\/\/nogval.com\/ca\/desbarbat\/easy-m1100-rr\/","og_locale":"ca_ES","og_type":"article","og_title":"EASY M1100 RR - NOGVAL","og_description":"Petita i compacta, combina una capacitat de treball excel\u00b7lent amb un preu assequible. La seva amplada de treball de 1100 mm i la configuraci\u00f3 de 2 grups la converteixen en una m\u00e0quina ideal per al setinat i el desbarbat de qualsevol mena de material. M\u00c0QUINA B\u00c0SICA: OPCIONS PRINCIPALS: Processament en sec","og_url":"https:\/\/nogval.com\/ca\/desbarbat\/easy-m1100-rr\/","og_site_name":"NOGVAL","article_modified_time":"2024-01-15T14:22:35+00:00","og_image":[{"width":600,"height":600,"url":"https:\/\/nogval.com\/wp-content\/uploads\/2023\/02\/nogval-emc-EASY-M1100-ok.png","type":"image\/png"}],"twitter_card":"summary_large_image","twitter_misc":{"Temps estimat de lectura":"1 minut"},"schema":{"@context":"https:\/\/schema.org","@graph":[{"@type":"WebPage","@id":"https:\/\/nogval.com\/ca\/desbarbat\/easy-m1100-rr\/","url":"https:\/\/nogval.com\/ca\/desbarbat\/easy-m1100-rr\/","name":"EASY M1100 RR - NOGVAL","isPartOf":{"@id":"https:\/\/nogval.com\/#website"},"primaryImageOfPage":{"@id":"https:\/\/nogval.com\/ca\/desbarbat\/easy-m1100-rr\/#primaryimage"},"image":{"@id":"https:\/\/nogval.com\/ca\/desbarbat\/easy-m1100-rr\/#primaryimage"},"thumbnailUrl":"https:\/\/nogval.com\/wp-content\/uploads\/2024\/11\/Nogval_EMC_Easy.png","datePublished":"2023-02-10T11:30:36+00:00","dateModified":"2024-01-15T14:22:35+00:00","breadcrumb":{"@id":"https:\/\/nogval.com\/ca\/desbarbat\/easy-m1100-rr\/#breadcrumb"},"inLanguage":"ca","potentialAction":[{"@type":"ReadAction","target":["https:\/\/nogval.com\/ca\/desbarbat\/easy-m1100-rr\/"]}]},{"@type":"ImageObject","inLanguage":"ca","@id":"https:\/\/nogval.com\/ca\/desbarbat\/easy-m1100-rr\/#primaryimage","url":"https:\/\/nogval.com\/wp-content\/uploads\/2024\/11\/Nogval_EMC_Easy.png","contentUrl":"https:\/\/nogval.com\/wp-content\/uploads\/2024\/11\/Nogval_EMC_Easy.png","width":490,"height":494},{"@type":"BreadcrumbList","@id":"https:\/\/nogval.com\/ca\/desbarbat\/easy-m1100-rr\/#breadcrumb","itemListElement":[{"@type":"ListItem","position":1,"name":"Home","item":"https:\/\/nogval.com\/ca\/home\/"},{"@type":"ListItem","position":2,"name":"Desbarbat","item":"https:\/\/nogval.com\/ca\/desbarbat\/"},{"@type":"ListItem","position":3,"name":"EASY M1100 RR"}]},{"@type":"WebSite","@id":"https:\/\/nogval.com\/#website","url":"https:\/\/nogval.com\/","name":"NOGVAL","description":"Maquinaria para el corte, deformaci\u00f3n y estructura met\u00e1lica","potentialAction":[{"@type":"SearchAction","target":{"@type":"EntryPoint","urlTemplate":"https:\/\/nogval.com\/?s={search_term_string}"},"query-input":{"@type":"PropertyValueSpecification","valueRequired":true,"valueName":"search_term_string"}}],"inLanguage":"ca"}]}},"_links":{"self":[{"href":"https:\/\/nogval.com\/ca\/wp-json\/wp\/v2\/pages\/4001","targetHints":{"allow":["GET"]}}],"collection":[{"href":"https:\/\/nogval.com\/ca\/wp-json\/wp\/v2\/pages"}],"about":[{"href":"https:\/\/nogval.com\/ca\/wp-json\/wp\/v2\/types\/page"}],"author":[{"embeddable":true,"href":"https:\/\/nogval.com\/ca\/wp-json\/wp\/v2\/users\/1"}],"replies":[{"embeddable":true,"href":"https:\/\/nogval.com\/ca\/wp-json\/wp\/v2\/comments?post=4001"}],"version-history":[{"count":1,"href":"https:\/\/nogval.com\/ca\/wp-json\/wp\/v2\/pages\/4001\/revisions"}],"predecessor-version":[{"id":7025,"href":"https:\/\/nogval.com\/ca\/wp-json\/wp\/v2\/pages\/4001\/revisions\/7025"}],"up":[{"embeddable":true,"href":"https:\/\/nogval.com\/ca\/wp-json\/wp\/v2\/pages\/3933"}],"wp:featuredmedia":[{"embeddable":true,"href":"https:\/\/nogval.com\/ca\/wp-json\/wp\/v2\/media\/10636"}],"wp:attachment":[{"href":"https:\/\/nogval.com\/ca\/wp-json\/wp\/v2\/media?parent=4001"}],"curies":[{"name":"wp","href":"https:\/\/api.w.org\/{rel}","templated":true}]}}