{"id":4005,"date":"2023-02-10T12:33:38","date_gmt":"2023-02-10T11:33:38","guid":{"rendered":"https:\/\/nogval.com\/desbarbat\/flexy-m1350\/"},"modified":"2024-12-16T17:55:37","modified_gmt":"2024-12-16T16:55:37","slug":"flexy-m1350","status":"publish","type":"page","link":"https:\/\/nogval.com\/ca\/desbarbat\/flexy-m1350\/","title":{"rendered":"FLEXY M1350"},"content":{"rendered":"\r\n<p>Gr\u00e0cies a les seves m\u00faltiples configuracions, \u00e9s ideal per al desbarbat, arrodonit de vores, eliminaci\u00f3 de calamina, rectificat i acabat superficial en tota mena de materials. Aquest alt grau de dinamisme ho fa FLEXIBLE i FIABLE en el temps. La seva amplada \u00fatil de treball de 1350 mm i la seva taula de treball d&#8217;al\u00e7ada fixa de 900 mm permeten treballar en L\u00cdNIA amb altres m\u00e0quines o SOLA.<\/p>\r\n\r\n\r\n\r\n<div class=\"wp-block-columns is-layout-flex wp-container-core-columns-is-layout-1 wp-block-columns-is-layout-flex\">\r\n<div class=\"wp-block-column is-layout-flow wp-block-column-is-layout-flow\">\r\n<p><strong>M\u00c0QUINA B\u00c0SICA:<\/strong><\/p>\r\n\r\n\r\n\r\n<ul class=\"wp-block-list\">\r\n<li>Versi\u00f3 de grup 1-4<\/li>\r\n\r\n\r\n\r\n<li>Pl\u00e0nol de treball fix a 900 mm<\/li>\r\n\r\n\r\n\r\n<li>Motors d&#8217;unitats internes i independents<\/li>\r\n\r\n\r\n\r\n<li>INVERTER a l&#8217;alimentaci\u00f3<\/li>\r\n\r\n\r\n\r\n<li>Joc de grans motoritzat a la unitat de rodets<\/li>\r\n\r\n\r\n\r\n<li>Pantalla t\u00e0ctil de 10\u201d<\/li>\r\n\r\n\r\n\r\n<li>Teleassist\u00e8ncia<\/li>\r\n<\/ul>\r\n<\/div>\r\n\r\n\r\n\r\n<div class=\"wp-block-column is-layout-flow wp-block-column-is-layout-flow\">\r\n<p><strong>OPCIONS PRINCIPALS:<\/strong><\/p>\r\n\r\n\r\n\r\n<ul class=\"wp-block-list\">\r\n<li>Conjunt de raspalls interns<\/li>\r\n\r\n\r\n\r\n<li>Grup de discos orbitals interns<\/li>\r\n\r\n\r\n\r\n<li>Grup de discos planetaris d&#8217;interior<\/li>\r\n\r\n\r\n\r\n<li>Pl\u00e0nol magn\u00e8tic<\/li>\r\n\r\n\r\n\r\n<li>Depressor intern del c\u00e0rter<\/li>\r\n\r\n\r\n\r\n<li>Paquet preparat per a IND\u00daSTRIA 4.0<\/li>\r\n<\/ul>\r\n<\/div>\r\n<\/div>\r\n\r\n\r\n\r\n<p><strong>Processament en sec<\/strong><\/p>\r\n","protected":false},"excerpt":{"rendered":"<p>Gr\u00e0cies a les seves m\u00faltiples configuracions, \u00e9s ideal per al desbarbat, arrodonit de vores, eliminaci\u00f3 de calamina, rectificat i acabat superficial en tota mena de materials. Aquest alt grau de dinamisme ho fa FLEXIBLE i FIABLE en el temps. La seva amplada \u00fatil de treball de 1350 mm i la seva taula de treball d&#8217;al\u00e7ada fixa de 900 mm permeten &#8230; <\/p>\n<div><a href=\"https:\/\/nogval.com\/ca\/desbarbat\/flexy-m1350\/\" class=\"more-link\">Llegir m\u00e9s<\/a><\/div>\n","protected":false},"author":1,"featured_media":10648,"parent":3933,"menu_order":4,"comment_status":"closed","ping_status":"closed","template":"","meta":{"_acf_changed":false,"footnotes":""},"class_list":["post-4005","page","type-page","status-publish","has-post-thumbnail","hentry"],"acf":[],"yoast_head":"<!-- This site is optimized with the Yoast SEO plugin v26.8 - https:\/\/yoast.com\/product\/yoast-seo-wordpress\/ -->\n<title>FLEXY M1350 - NOGVAL<\/title>\n<meta name=\"robots\" content=\"index, follow, max-snippet:-1, max-image-preview:large, max-video-preview:-1\" \/>\n<link rel=\"canonical\" href=\"https:\/\/nogval.com\/ca\/desbarbat\/flexy-m1350\/\" \/>\n<meta property=\"og:locale\" content=\"ca_ES\" \/>\n<meta property=\"og:type\" content=\"article\" \/>\n<meta property=\"og:title\" content=\"FLEXY M1350 - NOGVAL\" \/>\n<meta property=\"og:description\" content=\"Gr\u00e0cies a les seves m\u00faltiples configuracions, \u00e9s ideal per al desbarbat, arrodonit de vores, eliminaci\u00f3 de calamina, rectificat i acabat superficial en tota mena de materials. Aquest alt grau de dinamisme ho fa FLEXIBLE i FIABLE en el temps. La seva amplada \u00fatil de treball de 1350 mm i la seva taula de treball d&#8217;al\u00e7ada fixa de 900 mm permeten ... Llegir m\u00e9s\" \/>\n<meta property=\"og:url\" content=\"https:\/\/nogval.com\/ca\/desbarbat\/flexy-m1350\/\" \/>\n<meta property=\"og:site_name\" content=\"NOGVAL\" \/>\n<meta property=\"article:modified_time\" content=\"2024-12-16T16:55:37+00:00\" \/>\n<meta property=\"og:image\" content=\"https:\/\/nogval.com\/wp-content\/uploads\/2024\/11\/Nogval_EMC_Flexy.png\" \/>\n\t<meta property=\"og:image:width\" content=\"561\" \/>\n\t<meta property=\"og:image:height\" content=\"413\" \/>\n\t<meta property=\"og:image:type\" content=\"image\/png\" \/>\n<meta name=\"twitter:card\" content=\"summary_large_image\" \/>\n<meta name=\"twitter:label1\" content=\"Temps estimat de lectura\" \/>\n\t<meta name=\"twitter:data1\" content=\"1 minut\" \/>\n<script type=\"application\/ld+json\" class=\"yoast-schema-graph\">{\"@context\":\"https:\/\/schema.org\",\"@graph\":[{\"@type\":\"WebPage\",\"@id\":\"https:\/\/nogval.com\/ca\/desbarbat\/flexy-m1350\/\",\"url\":\"https:\/\/nogval.com\/ca\/desbarbat\/flexy-m1350\/\",\"name\":\"FLEXY M1350 - NOGVAL\",\"isPartOf\":{\"@id\":\"https:\/\/nogval.com\/#website\"},\"primaryImageOfPage\":{\"@id\":\"https:\/\/nogval.com\/ca\/desbarbat\/flexy-m1350\/#primaryimage\"},\"image\":{\"@id\":\"https:\/\/nogval.com\/ca\/desbarbat\/flexy-m1350\/#primaryimage\"},\"thumbnailUrl\":\"https:\/\/nogval.com\/wp-content\/uploads\/2024\/11\/Nogval_EMC_Flexy.png\",\"datePublished\":\"2023-02-10T11:33:38+00:00\",\"dateModified\":\"2024-12-16T16:55:37+00:00\",\"breadcrumb\":{\"@id\":\"https:\/\/nogval.com\/ca\/desbarbat\/flexy-m1350\/#breadcrumb\"},\"inLanguage\":\"ca\",\"potentialAction\":[{\"@type\":\"ReadAction\",\"target\":[\"https:\/\/nogval.com\/ca\/desbarbat\/flexy-m1350\/\"]}]},{\"@type\":\"ImageObject\",\"inLanguage\":\"ca\",\"@id\":\"https:\/\/nogval.com\/ca\/desbarbat\/flexy-m1350\/#primaryimage\",\"url\":\"https:\/\/nogval.com\/wp-content\/uploads\/2024\/11\/Nogval_EMC_Flexy.png\",\"contentUrl\":\"https:\/\/nogval.com\/wp-content\/uploads\/2024\/11\/Nogval_EMC_Flexy.png\",\"width\":561,\"height\":413},{\"@type\":\"BreadcrumbList\",\"@id\":\"https:\/\/nogval.com\/ca\/desbarbat\/flexy-m1350\/#breadcrumb\",\"itemListElement\":[{\"@type\":\"ListItem\",\"position\":1,\"name\":\"Home\",\"item\":\"https:\/\/nogval.com\/ca\/home\/\"},{\"@type\":\"ListItem\",\"position\":2,\"name\":\"Desbarbat\",\"item\":\"https:\/\/nogval.com\/ca\/desbarbat\/\"},{\"@type\":\"ListItem\",\"position\":3,\"name\":\"FLEXY M1350\"}]},{\"@type\":\"WebSite\",\"@id\":\"https:\/\/nogval.com\/#website\",\"url\":\"https:\/\/nogval.com\/\",\"name\":\"NOGVAL\",\"description\":\"Maquinaria para el corte, deformaci\u00f3n y estructura met\u00e1lica\",\"potentialAction\":[{\"@type\":\"SearchAction\",\"target\":{\"@type\":\"EntryPoint\",\"urlTemplate\":\"https:\/\/nogval.com\/?s={search_term_string}\"},\"query-input\":{\"@type\":\"PropertyValueSpecification\",\"valueRequired\":true,\"valueName\":\"search_term_string\"}}],\"inLanguage\":\"ca\"}]}<\/script>\n<!-- \/ Yoast SEO plugin. -->","yoast_head_json":{"title":"FLEXY M1350 - NOGVAL","robots":{"index":"index","follow":"follow","max-snippet":"max-snippet:-1","max-image-preview":"max-image-preview:large","max-video-preview":"max-video-preview:-1"},"canonical":"https:\/\/nogval.com\/ca\/desbarbat\/flexy-m1350\/","og_locale":"ca_ES","og_type":"article","og_title":"FLEXY M1350 - NOGVAL","og_description":"Gr\u00e0cies a les seves m\u00faltiples configuracions, \u00e9s ideal per al desbarbat, arrodonit de vores, eliminaci\u00f3 de calamina, rectificat i acabat superficial en tota mena de materials. Aquest alt grau de dinamisme ho fa FLEXIBLE i FIABLE en el temps. La seva amplada \u00fatil de treball de 1350 mm i la seva taula de treball d&#8217;al\u00e7ada fixa de 900 mm permeten ... Llegir m\u00e9s","og_url":"https:\/\/nogval.com\/ca\/desbarbat\/flexy-m1350\/","og_site_name":"NOGVAL","article_modified_time":"2024-12-16T16:55:37+00:00","og_image":[{"width":561,"height":413,"url":"https:\/\/nogval.com\/wp-content\/uploads\/2024\/11\/Nogval_EMC_Flexy.png","type":"image\/png"}],"twitter_card":"summary_large_image","twitter_misc":{"Temps estimat de lectura":"1 minut"},"schema":{"@context":"https:\/\/schema.org","@graph":[{"@type":"WebPage","@id":"https:\/\/nogval.com\/ca\/desbarbat\/flexy-m1350\/","url":"https:\/\/nogval.com\/ca\/desbarbat\/flexy-m1350\/","name":"FLEXY M1350 - NOGVAL","isPartOf":{"@id":"https:\/\/nogval.com\/#website"},"primaryImageOfPage":{"@id":"https:\/\/nogval.com\/ca\/desbarbat\/flexy-m1350\/#primaryimage"},"image":{"@id":"https:\/\/nogval.com\/ca\/desbarbat\/flexy-m1350\/#primaryimage"},"thumbnailUrl":"https:\/\/nogval.com\/wp-content\/uploads\/2024\/11\/Nogval_EMC_Flexy.png","datePublished":"2023-02-10T11:33:38+00:00","dateModified":"2024-12-16T16:55:37+00:00","breadcrumb":{"@id":"https:\/\/nogval.com\/ca\/desbarbat\/flexy-m1350\/#breadcrumb"},"inLanguage":"ca","potentialAction":[{"@type":"ReadAction","target":["https:\/\/nogval.com\/ca\/desbarbat\/flexy-m1350\/"]}]},{"@type":"ImageObject","inLanguage":"ca","@id":"https:\/\/nogval.com\/ca\/desbarbat\/flexy-m1350\/#primaryimage","url":"https:\/\/nogval.com\/wp-content\/uploads\/2024\/11\/Nogval_EMC_Flexy.png","contentUrl":"https:\/\/nogval.com\/wp-content\/uploads\/2024\/11\/Nogval_EMC_Flexy.png","width":561,"height":413},{"@type":"BreadcrumbList","@id":"https:\/\/nogval.com\/ca\/desbarbat\/flexy-m1350\/#breadcrumb","itemListElement":[{"@type":"ListItem","position":1,"name":"Home","item":"https:\/\/nogval.com\/ca\/home\/"},{"@type":"ListItem","position":2,"name":"Desbarbat","item":"https:\/\/nogval.com\/ca\/desbarbat\/"},{"@type":"ListItem","position":3,"name":"FLEXY M1350"}]},{"@type":"WebSite","@id":"https:\/\/nogval.com\/#website","url":"https:\/\/nogval.com\/","name":"NOGVAL","description":"Maquinaria para el corte, deformaci\u00f3n y estructura met\u00e1lica","potentialAction":[{"@type":"SearchAction","target":{"@type":"EntryPoint","urlTemplate":"https:\/\/nogval.com\/?s={search_term_string}"},"query-input":{"@type":"PropertyValueSpecification","valueRequired":true,"valueName":"search_term_string"}}],"inLanguage":"ca"}]}},"_links":{"self":[{"href":"https:\/\/nogval.com\/ca\/wp-json\/wp\/v2\/pages\/4005","targetHints":{"allow":["GET"]}}],"collection":[{"href":"https:\/\/nogval.com\/ca\/wp-json\/wp\/v2\/pages"}],"about":[{"href":"https:\/\/nogval.com\/ca\/wp-json\/wp\/v2\/types\/page"}],"author":[{"embeddable":true,"href":"https:\/\/nogval.com\/ca\/wp-json\/wp\/v2\/users\/1"}],"replies":[{"embeddable":true,"href":"https:\/\/nogval.com\/ca\/wp-json\/wp\/v2\/comments?post=4005"}],"version-history":[{"count":3,"href":"https:\/\/nogval.com\/ca\/wp-json\/wp\/v2\/pages\/4005\/revisions"}],"predecessor-version":[{"id":11522,"href":"https:\/\/nogval.com\/ca\/wp-json\/wp\/v2\/pages\/4005\/revisions\/11522"}],"up":[{"embeddable":true,"href":"https:\/\/nogval.com\/ca\/wp-json\/wp\/v2\/pages\/3933"}],"wp:featuredmedia":[{"embeddable":true,"href":"https:\/\/nogval.com\/ca\/wp-json\/wp\/v2\/media\/10648"}],"wp:attachment":[{"href":"https:\/\/nogval.com\/ca\/wp-json\/wp\/v2\/media?parent=4005"}],"curies":[{"name":"wp","href":"https:\/\/api.w.org\/{rel}","templated":true}]}}